{"id":6,"date":"2022-01-24T09:53:08","date_gmt":"2022-01-24T09:53:08","guid":{"rendered":"http:\/\/successivprincipen.se\/?page_id=6"},"modified":"2022-01-24T09:53:08","modified_gmt":"2022-01-24T09:53:08","slug":"om","status":"publish","type":"page","link":"http:\/\/successivprincipen.se\/index.php\/om\/","title":{"rendered":"Om"},"content":{"rendered":"\n<p>Du kanske \u00e4r konstn\u00e4r och vill presentera dig sj\u00e4lv och dina arbeten h\u00e4r, eller s\u00e5 kanske du \u00e4r ett f\u00f6retag som vill ber\u00e4tta om din vision.<\/p>\n","protected":false},"excerpt":{"rendered":"<p>Du kanske \u00e4r konstn\u00e4r och vill presentera dig sj\u00e4lv och dina arbeten h\u00e4r, eller s\u00e5 kanske du \u00e4r ett f\u00f6retag som vill ber\u00e4tta om din vision.<\/p>\n","protected":false},"author":1,"featured_media":0,"parent":0,"menu_order":0,"comment_status":"closed","ping_status":"closed","template":"","meta":[],"_links":{"self":[{"href":"http:\/\/successivprincipen.se\/index.php\/wp-json\/wp\/v2\/pages\/6"}],"collection":[{"href":"http:\/\/successivprincipen.se\/index.php\/wp-json\/wp\/v2\/pages"}],"about":[{"href":"http:\/\/successivprincipen.se\/index.php\/wp-json\/wp\/v2\/types\/page"}],"author":[{"embeddable":true,"href":"http:\/\/successivprincipen.se\/index.php\/wp-json\/wp\/v2\/users\/1"}],"replies":[{"embeddable":true,"href":"http:\/\/successivprincipen.se\/index.php\/wp-json\/wp\/v2\/comments?post=6"}],"version-history":[{"count":1,"href":"http:\/\/successivprincipen.se\/index.php\/wp-json\/wp\/v2\/pages\/6\/revisions"}],"predecessor-version":[{"id":12,"href":"http:\/\/successivprincipen.se\/index.php\/wp-json\/wp\/v2\/pages\/6\/revisions\/12"}],"wp:attachment":[{"href":"http:\/\/successivprincipen.se\/index.php\/wp-json\/wp\/v2\/media?parent=6"}],"curies":[{"name":"wp","href":"https:\/\/api.w.org\/{rel}","templated":true}]}}